{"id":1848,"date":"2024-11-22T09:36:18","date_gmt":"2024-11-22T09:36:18","guid":{"rendered":"https:\/\/beautyhairstyler.com\/?post_type=product&#038;p=1848"},"modified":"2024-12-06T07:25:20","modified_gmt":"2024-12-06T07:25:20","slug":"patented-straightening-brush-t607","status":"publish","type":"product","link":"https:\/\/beautyhairstyler.com\/de\/produkt\/patented-straightening-brush-t607\/","title":{"rendered":"Gl\u00e4ttungsb\u00fcrste | mit abnehmbaren Z\u00e4hnen f\u00fcr das Styling - T607"},"content":{"rendered":"<div data-elementor-type=\"product-post\" data-elementor-id=\"1848\" class=\"elementor elementor-1848\" data-elementor-post-type=\"product\">\n\t\t\t\t<div class=\"elementor-element elementor-element-2cf9c87 e-flex e-con-boxed e-con e-parent\" data-id=\"2cf9c87\" data-element_type=\"container\" data-e-type=\"container\">\n\t\t\t\t\t<div class=\"e-con-inner\">\n\t\t<div class=\"elementor-element elementor-element-99a52bd e-con-full e-flex e-con e-child\" data-id=\"99a52bd\" data-element_type=\"container\" data-e-type=\"container\">\n\t\t\t\t<div class=\"elementor-element elementor-element-aec9547 elementor-widget elementor-widget-text-editor\" data-id=\"aec9547\" data-element_type=\"widget\" data-e-type=\"widget\" data-widget_type=\"text-editor.default\">\n\t\t\t\t<div class=\"elementor-widget-container\">\n\t\t\t\t\t\t\t\t\t<h4 class=\"product_title entry-title elementor-heading-title elementor-size-default\">Gl\u00e4ttungsb\u00fcrste mit abnehmbaren Kammz\u00e4hnen | Hei\u00dfe B\u00fcrste f\u00fcr Styling - T607<\/h4>\t\t\t\t\t\t\t\t<\/div>\n\t\t\t\t<\/div>\n\t\t\t\t<\/div>\n\t\t\t\t<div class=\"elementor-element elementor-element-5ffc35c elementor-widget elementor-widget-image\" data-id=\"5ffc35c\" data-element_type=\"widget\" data-e-type=\"widget\" data-widget_type=\"image.default\">\n\t\t\t\t<div class=\"elementor-widget-container\">\n\t\t\t\t\t\t\t\t\t\t\t\t\t\t\t<img fetchpriority=\"high\" decoding=\"async\" width=\"749\" height=\"809\" src=\"https:\/\/beautyhairstyler.com\/wp-content\/uploads\/2024\/11\/1-e1734316219114.png\" class=\"attachment-full size-full wp-image-1854\" alt=\"denser and longer hair straightening brush teeth\" srcset=\"https:\/\/beautyhairstyler.com\/wp-content\/uploads\/2024\/11\/1-e1734316219114.png 749w, https:\/\/beautyhairstyler.com\/wp-content\/uploads\/2024\/11\/1-e1734316219114-278x300.png 278w, https:\/\/beautyhairstyler.com\/wp-content\/uploads\/2024\/11\/1-e1734316219114-11x12.png 11w, https:\/\/beautyhairstyler.com\/wp-content\/uploads\/2024\/11\/1-e1734316219114-600x648.png 600w\" sizes=\"(max-width: 749px) 100vw, 749px\" \/>\t\t\t\t\t\t\t\t\t\t\t\t\t\t\t<\/div>\n\t\t\t\t<\/div>\n\t\t\t\t\t<\/div>\n\t\t\t\t<\/div>\n\t\t<div class=\"elementor-element elementor-element-c43a420 e-flex e-con-boxed e-con e-parent\" data-id=\"c43a420\" data-element_type=\"container\" data-e-type=\"container\">\n\t\t\t\t\t<div class=\"e-con-inner\">\n\t\t\t\t<div class=\"elementor-element elementor-element-1c63539 elementor-widget elementor-widget-image\" data-id=\"1c63539\" data-element_type=\"widget\" data-e-type=\"widget\" data-widget_type=\"image.default\">\n\t\t\t\t<div class=\"elementor-widget-container\">\n\t\t\t\t\t\t\t\t\t\t\t\t\t\t\t<img decoding=\"async\" width=\"749\" height=\"969\" src=\"https:\/\/beautyhairstyler.com\/wp-content\/uploads\/2024\/11\/\u672a\u6807\u9898-1-1.jpg\" class=\"attachment-large size-large wp-image-1857\" alt=\"Negative Ion Ceramic Heated Hot Brush\" srcset=\"https:\/\/beautyhairstyler.com\/wp-content\/uploads\/2024\/11\/\u672a\u6807\u9898-1-1.jpg 749w, https:\/\/beautyhairstyler.com\/wp-content\/uploads\/2024\/11\/\u672a\u6807\u9898-1-1-232x300.jpg 232w, https:\/\/beautyhairstyler.com\/wp-content\/uploads\/2024\/11\/\u672a\u6807\u9898-1-1-9x12.jpg 9w, https:\/\/beautyhairstyler.com\/wp-content\/uploads\/2024\/11\/\u672a\u6807\u9898-1-1-600x776.jpg 600w\" sizes=\"(max-width: 749px) 100vw, 749px\" \/>\t\t\t\t\t\t\t\t\t\t\t\t\t\t\t<\/div>\n\t\t\t\t<\/div>\n\t\t\t\t<div class=\"elementor-element elementor-element-5bb6899 elementor-widget elementor-widget-image\" data-id=\"5bb6899\" data-element_type=\"widget\" data-e-type=\"widget\" data-widget_type=\"image.default\">\n\t\t\t\t<div class=\"elementor-widget-container\">\n\t\t\t\t\t\t\t\t\t\t\t\t\t\t\t<img decoding=\"async\" width=\"749\" height=\"923\" src=\"https:\/\/beautyhairstyler.com\/wp-content\/uploads\/2024\/11\/3-1.jpg\" class=\"attachment-large size-large wp-image-1858\" alt=\"Smooth Frizz-Free Hair\" srcset=\"https:\/\/beautyhairstyler.com\/wp-content\/uploads\/2024\/11\/3-1.jpg 749w, https:\/\/beautyhairstyler.com\/wp-content\/uploads\/2024\/11\/3-1-243x300.jpg 243w, https:\/\/beautyhairstyler.com\/wp-content\/uploads\/2024\/11\/3-1-10x12.jpg 10w, https:\/\/beautyhairstyler.com\/wp-content\/uploads\/2024\/11\/3-1-600x739.jpg 600w\" sizes=\"(max-width: 749px) 100vw, 749px\" \/>\t\t\t\t\t\t\t\t\t\t\t\t\t\t\t<\/div>\n\t\t\t\t<\/div>\n\t\t\t\t<div class=\"elementor-element elementor-element-16e0269 elementor-widget elementor-widget-image\" data-id=\"16e0269\" data-element_type=\"widget\" data-e-type=\"widget\" data-widget_type=\"image.default\">\n\t\t\t\t<div class=\"elementor-widget-container\">\n\t\t\t\t\t\t\t\t\t\t\t\t\t\t\t<img loading=\"lazy\" decoding=\"async\" width=\"751\" height=\"922\" src=\"https:\/\/beautyhairstyler.com\/wp-content\/uploads\/2024\/11\/4.png\" class=\"attachment-large size-large wp-image-1859\" alt=\"\" srcset=\"https:\/\/beautyhairstyler.com\/wp-content\/uploads\/2024\/11\/4.png 751w, https:\/\/beautyhairstyler.com\/wp-content\/uploads\/2024\/11\/4-244x300.png 244w, https:\/\/beautyhairstyler.com\/wp-content\/uploads\/2024\/11\/4-10x12.png 10w, https:\/\/beautyhairstyler.com\/wp-content\/uploads\/2024\/11\/4-600x737.png 600w\" sizes=\"(max-width: 751px) 100vw, 751px\" \/>\t\t\t\t\t\t\t\t\t\t\t\t\t\t\t<\/div>\n\t\t\t\t<\/div>\n\t\t\t\t<div class=\"elementor-element elementor-element-28a69d1 elementor-widget elementor-widget-image\" data-id=\"28a69d1\" data-element_type=\"widget\" data-e-type=\"widget\" data-widget_type=\"image.default\">\n\t\t\t\t<div class=\"elementor-widget-container\">\n\t\t\t\t\t\t\t\t\t\t\t\t\t\t\t<img loading=\"lazy\" decoding=\"async\" width=\"751\" height=\"931\" src=\"https:\/\/beautyhairstyler.com\/wp-content\/uploads\/2024\/11\/5.png\" class=\"attachment-large size-large wp-image-1860\" alt=\"ceramic smooth glide bristles\" srcset=\"https:\/\/beautyhairstyler.com\/wp-content\/uploads\/2024\/11\/5.png 751w, https:\/\/beautyhairstyler.com\/wp-content\/uploads\/2024\/11\/5-242x300.png 242w, https:\/\/beautyhairstyler.com\/wp-content\/uploads\/2024\/11\/5-10x12.png 10w, https:\/\/beautyhairstyler.com\/wp-content\/uploads\/2024\/11\/5-600x744.png 600w\" sizes=\"(max-width: 751px) 100vw, 751px\" \/>\t\t\t\t\t\t\t\t\t\t\t\t\t\t\t<\/div>\n\t\t\t\t<\/div>\n\t\t\t\t\t<\/div>\n\t\t\t\t<\/div>\n\t\t<div class=\"elementor-element elementor-element-3b4a2fd e-flex e-con-boxed e-con e-parent\" data-id=\"3b4a2fd\" data-element_type=\"container\" data-e-type=\"container\">\n\t\t\t\t\t<div class=\"e-con-inner\">\n\t\t\t\t<div class=\"elementor-element elementor-element-af3de66 elementor-widget elementor-widget-spacer\" data-id=\"af3de66\" data-element_type=\"widget\" data-e-type=\"widget\" data-widget_type=\"spacer.default\">\n\t\t\t\t<div class=\"elementor-widget-container\">\n\t\t\t\t\t\t\t<div class=\"elementor-spacer\">\n\t\t\t<div class=\"elementor-spacer-inner\"><\/div>\n\t\t<\/div>\n\t\t\t\t\t\t<\/div>\n\t\t\t\t<\/div>\n\t\t\t\t\t<\/div>\n\t\t\t\t<\/div>\n\t\t<div class=\"elementor-element elementor-element-cc73062 e-flex e-con-boxed e-con e-parent\" data-id=\"cc73062\" data-element_type=\"container\" data-e-type=\"container\">\n\t\t\t\t\t<div class=\"e-con-inner\">\n\t\t\t\t<div class=\"elementor-element elementor-element-ab806e5 elementor-widget elementor-widget-spacer\" data-id=\"ab806e5\" data-element_type=\"widget\" data-e-type=\"widget\" data-widget_type=\"spacer.default\">\n\t\t\t\t<div class=\"elementor-widget-container\">\n\t\t\t\t\t\t\t<div class=\"elementor-spacer\">\n\t\t\t<div class=\"elementor-spacer-inner\"><\/div>\n\t\t<\/div>\n\t\t\t\t\t\t<\/div>\n\t\t\t\t<\/div>\n\t\t\t\t<div class=\"elementor-element elementor-element-cca2f96 elementor-widget elementor-widget-heading\" data-id=\"cca2f96\" data-element_type=\"widget\" data-e-type=\"widget\" data-widget_type=\"heading.default\">\n\t\t\t\t<div class=\"elementor-widget-container\">\n\t\t\t\t\t<h2 class=\"elementor-heading-title elementor-size-default\"><div data-id=\"d31d297\" data-element_type=\"widget\" data-widget_type=\"heading.default\" style=\"flex-basis: var(--flex-basis);flex-grow: var(--flex-grow);flex-shrink: var(--flex-shrink);align-self: var(--align-self);flex-direction: var(--flex-direction);flex-wrap: var(--flex-wrap);justify-content: var(--justify-content);align-items: var(--align-items);align-content: var(--align-content);gap: var(--gap);--swiper-theme-color: #000;--swiper-navigation-size: 44px;--swiper-pagination-bullet-size: 6px;--swiper-pagination-bullet-horizontal-gap: 6px;--widgets-spacing: 20px 20px;text-align: center;max-width: 100%;font-family: Roboto, sans-serif;font-size: 15px\"><div style=\"height: 44.2031px\"><h3 style=\"font-size: 2.26667rem\"><span style=\"font-weight: 700\">Erfahren Sie mehr \u00fcber Shenzhen topbeauty technology co, ltd.<\/span><span style=\"color: var(--ast-global-color-2);font-size: 3rem;font-style: inherit;text-align: var(--text-align);background-color: var(--ast-global-color-5)\"><\/span><\/h3><\/div><\/div><\/h2>\t\t\t\t<\/div>\n\t\t\t\t<\/div>\n\t\t\t\t<div class=\"elementor-element elementor-element-3cc30d8 elementor-widget elementor-widget-heading\" data-id=\"3cc30d8\" data-element_type=\"widget\" data-e-type=\"widget\" data-widget_type=\"heading.default\">\n\t\t\t\t<div class=\"elementor-widget-container\">\n\t\t\t\t\t<div class=\"elementor-heading-title elementor-size-default\">shenzhen topbeauty technology co., ltd. - Ihr vertrauensw\u00fcrdiger Lieferant im Bereich der Haarstyling-Tools, der Qualit\u00e4t und Innovation bietet!\n<\/div>\t\t\t\t<\/div>\n\t\t\t\t<\/div>\n\t\t\t\t<div class=\"elementor-element elementor-element-df18f3d elementor-widget elementor-widget-spacer\" data-id=\"df18f3d\" data-element_type=\"widget\" data-e-type=\"widget\" data-widget_type=\"spacer.default\">\n\t\t\t\t<div class=\"elementor-widget-container\">\n\t\t\t\t\t\t\t<div class=\"elementor-spacer\">\n\t\t\t<div class=\"elementor-spacer-inner\"><\/div>\n\t\t<\/div>\n\t\t\t\t\t\t<\/div>\n\t\t\t\t<\/div>\n\t\t\t\t<div class=\"elementor-element elementor-element-1bdb3ec elementor-align-center elementor-widget elementor-widget-button\" data-id=\"1bdb3ec\" data-element_type=\"widget\" data-e-type=\"widget\" data-widget_type=\"button.default\">\n\t\t\t\t<div class=\"elementor-widget-container\">\n\t\t\t\t\t\t\t\t\t<div class=\"elementor-button-wrapper\">\n\t\t\t\t\t<a class=\"elementor-button elementor-button-link elementor-size-sm\" href=\"https:\/\/beautyhairstyler.com\/de\/about-us\/\" target=\"_blank\">\n\t\t\t\t\t\t<span class=\"elementor-button-content-wrapper\">\n\t\t\t\t\t\t\t\t\t<span class=\"elementor-button-text\">\u00dcber uns<\/span>\n\t\t\t\t\t<\/span>\n\t\t\t\t\t<\/a>\n\t\t\t\t<\/div>\n\t\t\t\t\t\t\t\t<\/div>\n\t\t\t\t<\/div>\n\t\t\t\t\t<\/div>\n\t\t\t\t<\/div>\n\t\t<div class=\"elementor-element elementor-element-403374e e-flex e-con-boxed e-con e-parent\" data-id=\"403374e\" data-element_type=\"container\" data-e-type=\"container\">\n\t\t\t\t\t<div class=\"e-con-inner\">\n\t\t\t\t\t<\/div>\n\t\t\t\t<\/div>\n\t\t\t\t<\/div>","protected":false},"excerpt":{"rendered":"<p><span class=\"a-list-item\">ENTWICKELT F\u00dcR GLATTES, GESCHMEIDIGES HAAR -<\/span><\/p>\n<ul>\n<li><span class=\"a-list-item\"> Genie\u00dfen Sie gl\u00e4nzendes und glattes Haar mit der Le Vite Haargl\u00e4ttungsb\u00fcrste. Egal, welchen Haartyp Sie haben - glatt, lockig, gewellt oder stark gewunden - diese hei\u00dfe B\u00fcrste ist der perfekte Weg zu glatten, kr\u00e4uselfreien Locken, die Sie sich schon immer gew\u00fcnscht haben.<\/span><\/li>\n<li>Mit abnehmbaren Kammz\u00e4hnen, die leichter zu reinigen sind.<\/li>\n<li>Beheizte Kammz\u00e4hne mit hoher Dichte sorgen f\u00fcr ein schnelleres Styling.<\/li>\n<li>Der verst\u00e4rkte Kammzahnschutz bietet mehrschichtigen Schutz, damit Sie sich nicht verbrennen.<\/li>\n<li>Einzigartiges, patentiertes Design mit extrem hohem Marktwert.<\/li>\n<\/ul>","protected":false},"featured_media":1861,"comment_status":"open","ping_status":"closed","template":"","meta":{"site-sidebar-layout":"no-sidebar","site-content-layout":"page-builder","ast-site-content-layout":"full-width-container","site-content-style":"default","site-sidebar-style":"default","ast-global-header-display":"","ast-banner-title-visibility":"","ast-main-header-display":"","ast-hfb-above-header-display":"","ast-hfb-below-header-display":"","ast-hfb-mobile-header-display":"","site-post-title":"disabled","ast-breadcrumbs-content":"","ast-featured-img":"disabled","footer-sml-layout":"","ast-disable-related-posts":"","theme-transparent-header-meta":"default","adv-header-id-meta":"","stick-header-meta":"","header-above-stick-meta":"","header-main-stick-meta":"","header-below-stick-meta":"","astra-migrate-meta-layouts":"set","ast-page-background-enabled":"default","ast-page-background-meta":{"desktop":{"background-color":"var(--ast-global-color-5)","background-image":"","background-repeat":"repeat","background-position":"center center","background-size":"auto","background-attachment":"scroll","background-type":"","background-media":"","overlay-type":"","overlay-color":"","overlay-opacity":"","overlay-gradient":""},"tablet":{"background-color":"","background-image":"","background-repeat":"repeat","background-position":"center center","background-size":"auto","background-attachment":"scroll","background-type":"","background-media":"","overlay-type":"","overlay-color":"","overlay-opacity":"","overlay-gradient":""},"mobile":{"background-color":"","background-image":"","background-repeat":"repeat","background-position":"center center","background-size":"auto","background-attachment":"scroll","background-type":"","background-media":"","overlay-type":"","overlay-color":"","overlay-opacity":"","overlay-gradient":""}},"ast-content-background-meta":{"desktop":{"background-color":"var(--ast-global-color-4)","background-image":"","background-repeat":"repeat","background-position":"center center","background-size":"auto","background-attachment":"scroll","background-type":"","background-media":"","overlay-type":"","overlay-color":"","overlay-opacity":"","overlay-gradient":""},"tablet":{"background-color":"var(--ast-global-color-4)","background-image":"","background-repeat":"repeat","background-position":"center center","background-size":"auto","background-attachment":"scroll","background-type":"","background-media":"","overlay-type":"","overlay-color":"","overlay-opacity":"","overlay-gradient":""},"mobile":{"background-color":"var(--ast-global-color-4)","background-image":"","background-repeat":"repeat","background-position":"center center","background-size":"auto","background-attachment":"scroll","background-type":"","background-media":"","overlay-type":"","overlay-color":"","overlay-opacity":"","overlay-gradient":""}}},"product_brand":[],"product_cat":[28],"product_tag":[],"class_list":{"0":"post-1848","1":"product","2":"type-product","3":"status-publish","4":"has-post-thumbnail","6":"product_cat-straightening-brush","7":"desktop-align-left","8":"tablet-align-left","9":"mobile-align-left","10":"ast-product-gallery-layout-vertical-slider","11":"ast-product-tabs-layout-distributed","13":"first","14":"instock","15":"shipping-taxable","16":"product-type-simple"},"yoast_head":"<!-- This site is optimized with the Yoast SEO plugin v25.2 - https:\/\/yoast.com\/wordpress\/plugins\/seo\/ -->\n<title>Straightening Brush | With Detachable Teeth for Styling - T607 - Shenzhen Topbeauty Technology Co., Ltd.<\/title>\n<meta name=\"description\" content=\"innovative hair straightening brush with detachable brush teeth, easy to clean broken hair and gel, unique patent product\" \/>\n<meta name=\"robots\" content=\"index, follow, max-snippet:-1, max-image-preview:large, max-video-preview:-1\" \/>\n<link rel=\"canonical\" href=\"https:\/\/beautyhairstyler.com\/de\/produkt\/patented-straightening-brush-t607\/\" \/>\n<meta property=\"og:locale\" content=\"de_DE\" \/>\n<meta property=\"og:type\" content=\"article\" \/>\n<meta property=\"og:title\" content=\"Straightening Brush | With Detachable Teeth for Styling - T607 - Shenzhen Topbeauty Technology Co., Ltd.\" \/>\n<meta property=\"og:description\" content=\"innovative hair straightening brush with detachable brush teeth, easy to clean broken hair and gel, unique patent product\" \/>\n<meta property=\"og:url\" content=\"https:\/\/beautyhairstyler.com\/de\/produkt\/patented-straightening-brush-t607\/\" \/>\n<meta property=\"og:site_name\" content=\"Shenzhen Topbeauty Technology Co., Ltd.\" \/>\n<meta property=\"article:modified_time\" content=\"2024-12-06T07:25:20+00:00\" \/>\n<meta property=\"og:image\" content=\"https:\/\/beautyhairstyler.com\/wp-content\/uploads\/2024\/11\/607-01.jpg\" \/>\n\t<meta property=\"og:image:width\" content=\"800\" \/>\n\t<meta property=\"og:image:height\" content=\"800\" \/>\n\t<meta property=\"og:image:type\" content=\"image\/jpeg\" \/>\n<meta name=\"twitter:card\" content=\"summary_large_image\" \/>\n<meta name=\"twitter:label1\" content=\"Gesch\u00e4tzte Lesezeit\" \/>\n\t<meta name=\"twitter:data1\" content=\"2\u00a0Minuten\" \/>\n<script type=\"application\/ld+json\" class=\"yoast-schema-graph\">{\"@context\":\"https:\/\/schema.org\",\"@graph\":[{\"@type\":\"WebPage\",\"@id\":\"https:\/\/beautyhairstyler.com\/product\/patented-straightening-brush-t607\/\",\"url\":\"https:\/\/beautyhairstyler.com\/product\/patented-straightening-brush-t607\/\",\"name\":\"Straightening Brush | With Detachable Teeth for Styling - T607 - Shenzhen Topbeauty Technology Co., Ltd.\",\"isPartOf\":{\"@id\":\"https:\/\/beautyhairstyler.com\/ko\/#website\"},\"primaryImageOfPage\":{\"@id\":\"https:\/\/beautyhairstyler.com\/product\/patented-straightening-brush-t607\/#primaryimage\"},\"image\":{\"@id\":\"https:\/\/beautyhairstyler.com\/product\/patented-straightening-brush-t607\/#primaryimage\"},\"thumbnailUrl\":\"https:\/\/beautyhairstyler.com\/wp-content\/uploads\/2024\/11\/607-01.jpg\",\"datePublished\":\"2024-11-22T09:36:18+00:00\",\"dateModified\":\"2024-12-06T07:25:20+00:00\",\"description\":\"innovative hair straightening brush with detachable brush teeth, easy to clean broken hair and gel, unique patent product\",\"breadcrumb\":{\"@id\":\"https:\/\/beautyhairstyler.com\/product\/patented-straightening-brush-t607\/#breadcrumb\"},\"inLanguage\":\"de\",\"potentialAction\":[{\"@type\":\"ReadAction\",\"target\":[\"https:\/\/beautyhairstyler.com\/product\/patented-straightening-brush-t607\/\"]}]},{\"@type\":\"ImageObject\",\"inLanguage\":\"de\",\"@id\":\"https:\/\/beautyhairstyler.com\/product\/patented-straightening-brush-t607\/#primaryimage\",\"url\":\"https:\/\/beautyhairstyler.com\/wp-content\/uploads\/2024\/11\/607-01.jpg\",\"contentUrl\":\"https:\/\/beautyhairstyler.com\/wp-content\/uploads\/2024\/11\/607-01.jpg\",\"width\":800,\"height\":800,\"caption\":\"the innovative hair straightening brush developed by Shenzhen Topbeauty Technology Co., Ltd.\"},{\"@type\":\"BreadcrumbList\",\"@id\":\"https:\/\/beautyhairstyler.com\/product\/patented-straightening-brush-t607\/#breadcrumb\",\"itemListElement\":[{\"@type\":\"ListItem\",\"position\":1,\"name\":\"\u9996\u9875\",\"item\":\"https:\/\/beautyhairstyler.com\/\"},{\"@type\":\"ListItem\",\"position\":2,\"name\":\"Products\",\"item\":\"https:\/\/beautyhairstyler.com\/products\/\"},{\"@type\":\"ListItem\",\"position\":3,\"name\":\"Straightening Brush | With Detachable Teeth for Styling &#8211; T607\"}]},{\"@type\":\"WebSite\",\"@id\":\"https:\/\/beautyhairstyler.com\/ko\/#website\",\"url\":\"https:\/\/beautyhairstyler.com\/ko\/\",\"name\":\"Shenzhen Topbeauty Technology Co., Ltd.\",\"description\":\"hair straightening brush | hair curler | hair straightener\",\"publisher\":{\"@id\":\"https:\/\/beautyhairstyler.com\/ko\/#organization\"},\"potentialAction\":[{\"@type\":\"SearchAction\",\"target\":{\"@type\":\"EntryPoint\",\"urlTemplate\":\"https:\/\/beautyhairstyler.com\/ko\/?s={search_term_string}\"},\"query-input\":{\"@type\":\"PropertyValueSpecification\",\"valueRequired\":true,\"valueName\":\"search_term_string\"}}],\"inLanguage\":\"de\"},{\"@type\":\"Organization\",\"@id\":\"https:\/\/beautyhairstyler.com\/ko\/#organization\",\"name\":\"Shenzhen Topbeauty Technology Co., Ltd.\",\"url\":\"https:\/\/beautyhairstyler.com\/ko\/\",\"logo\":{\"@type\":\"ImageObject\",\"inLanguage\":\"de\",\"@id\":\"https:\/\/beautyhairstyler.com\/ko\/#\/schema\/logo\/image\/\",\"url\":\"https:\/\/beautyhairstyler.com\/wp-content\/uploads\/2024\/11\/cropped-\u5fae\u4fe1\u56fe\u7247_20241105102807.png\",\"contentUrl\":\"https:\/\/beautyhairstyler.com\/wp-content\/uploads\/2024\/11\/cropped-\u5fae\u4fe1\u56fe\u7247_20241105102807.png\",\"width\":2323,\"height\":776,\"caption\":\"Shenzhen Topbeauty Technology Co., Ltd.\"},\"image\":{\"@id\":\"https:\/\/beautyhairstyler.com\/ko\/#\/schema\/logo\/image\/\"}}]}<\/script>\n<!-- \/ Yoast SEO plugin. -->","yoast_head_json":{"title":"Straightening Brush | With Detachable Teeth for Styling - T607 - Shenzhen Topbeauty Technology Co., Ltd.","description":"innovative hair straightening brush with detachable brush teeth, easy to clean broken hair and gel, unique patent product","robots":{"index":"index","follow":"follow","max-snippet":"max-snippet:-1","max-image-preview":"max-image-preview:large","max-video-preview":"max-video-preview:-1"},"canonical":"https:\/\/beautyhairstyler.com\/de\/produkt\/patented-straightening-brush-t607\/","og_locale":"de_DE","og_type":"article","og_title":"Straightening Brush | With Detachable Teeth for Styling - T607 - Shenzhen Topbeauty Technology Co., Ltd.","og_description":"innovative hair straightening brush with detachable brush teeth, easy to clean broken hair and gel, unique patent product","og_url":"https:\/\/beautyhairstyler.com\/de\/produkt\/patented-straightening-brush-t607\/","og_site_name":"Shenzhen Topbeauty Technology Co., Ltd.","article_modified_time":"2024-12-06T07:25:20+00:00","og_image":[{"width":800,"height":800,"url":"https:\/\/beautyhairstyler.com\/wp-content\/uploads\/2024\/11\/607-01.jpg","type":"image\/jpeg"}],"twitter_card":"summary_large_image","twitter_misc":{"Gesch\u00e4tzte Lesezeit":"2\u00a0Minuten"},"schema":{"@context":"https:\/\/schema.org","@graph":[{"@type":"WebPage","@id":"https:\/\/beautyhairstyler.com\/product\/patented-straightening-brush-t607\/","url":"https:\/\/beautyhairstyler.com\/product\/patented-straightening-brush-t607\/","name":"Straightening Brush | With Detachable Teeth for Styling - T607 - Shenzhen Topbeauty Technology Co., Ltd.","isPartOf":{"@id":"https:\/\/beautyhairstyler.com\/ko\/#website"},"primaryImageOfPage":{"@id":"https:\/\/beautyhairstyler.com\/product\/patented-straightening-brush-t607\/#primaryimage"},"image":{"@id":"https:\/\/beautyhairstyler.com\/product\/patented-straightening-brush-t607\/#primaryimage"},"thumbnailUrl":"https:\/\/beautyhairstyler.com\/wp-content\/uploads\/2024\/11\/607-01.jpg","datePublished":"2024-11-22T09:36:18+00:00","dateModified":"2024-12-06T07:25:20+00:00","description":"innovative hair straightening brush with detachable brush teeth, easy to clean broken hair and gel, unique patent product","breadcrumb":{"@id":"https:\/\/beautyhairstyler.com\/product\/patented-straightening-brush-t607\/#breadcrumb"},"inLanguage":"de","potentialAction":[{"@type":"ReadAction","target":["https:\/\/beautyhairstyler.com\/product\/patented-straightening-brush-t607\/"]}]},{"@type":"ImageObject","inLanguage":"de","@id":"https:\/\/beautyhairstyler.com\/product\/patented-straightening-brush-t607\/#primaryimage","url":"https:\/\/beautyhairstyler.com\/wp-content\/uploads\/2024\/11\/607-01.jpg","contentUrl":"https:\/\/beautyhairstyler.com\/wp-content\/uploads\/2024\/11\/607-01.jpg","width":800,"height":800,"caption":"the innovative hair straightening brush developed by Shenzhen Topbeauty Technology Co., Ltd."},{"@type":"BreadcrumbList","@id":"https:\/\/beautyhairstyler.com\/product\/patented-straightening-brush-t607\/#breadcrumb","itemListElement":[{"@type":"ListItem","position":1,"name":"\u9996\u9875","item":"https:\/\/beautyhairstyler.com\/"},{"@type":"ListItem","position":2,"name":"Products","item":"https:\/\/beautyhairstyler.com\/products\/"},{"@type":"ListItem","position":3,"name":"Straightening Brush | With Detachable Teeth for Styling &#8211; T607"}]},{"@type":"WebSite","@id":"https:\/\/beautyhairstyler.com\/ko\/#website","url":"https:\/\/beautyhairstyler.com\/ko\/","name":"Shenzhen Topbeauty Technology Co, Ltd.","description":"hair straightening brush | hair curler | hair straightener","publisher":{"@id":"https:\/\/beautyhairstyler.com\/ko\/#organization"},"potentialAction":[{"@type":"SearchAction","target":{"@type":"EntryPoint","urlTemplate":"https:\/\/beautyhairstyler.com\/ko\/?s={search_term_string}"},"query-input":{"@type":"PropertyValueSpecification","valueRequired":true,"valueName":"search_term_string"}}],"inLanguage":"de"},{"@type":"Organization","@id":"https:\/\/beautyhairstyler.com\/ko\/#organization","name":"Shenzhen Topbeauty Technology Co, Ltd.","url":"https:\/\/beautyhairstyler.com\/ko\/","logo":{"@type":"ImageObject","inLanguage":"de","@id":"https:\/\/beautyhairstyler.com\/ko\/#\/schema\/logo\/image\/","url":"https:\/\/beautyhairstyler.com\/wp-content\/uploads\/2024\/11\/cropped-\u5fae\u4fe1\u56fe\u7247_20241105102807.png","contentUrl":"https:\/\/beautyhairstyler.com\/wp-content\/uploads\/2024\/11\/cropped-\u5fae\u4fe1\u56fe\u7247_20241105102807.png","width":2323,"height":776,"caption":"Shenzhen Topbeauty Technology Co., Ltd."},"image":{"@id":"https:\/\/beautyhairstyler.com\/ko\/#\/schema\/logo\/image\/"}}]}},"_links":{"self":[{"href":"https:\/\/beautyhairstyler.com\/de\/wp-json\/wp\/v2\/product\/1848","targetHints":{"allow":["GET"]}}],"collection":[{"href":"https:\/\/beautyhairstyler.com\/de\/wp-json\/wp\/v2\/product"}],"about":[{"href":"https:\/\/beautyhairstyler.com\/de\/wp-json\/wp\/v2\/types\/product"}],"replies":[{"embeddable":true,"href":"https:\/\/beautyhairstyler.com\/de\/wp-json\/wp\/v2\/comments?post=1848"}],"version-history":[{"count":27,"href":"https:\/\/beautyhairstyler.com\/de\/wp-json\/wp\/v2\/product\/1848\/revisions"}],"predecessor-version":[{"id":2256,"href":"https:\/\/beautyhairstyler.com\/de\/wp-json\/wp\/v2\/product\/1848\/revisions\/2256"}],"wp:featuredmedia":[{"embeddable":true,"href":"https:\/\/beautyhairstyler.com\/de\/wp-json\/wp\/v2\/media\/1861"}],"wp:attachment":[{"href":"https:\/\/beautyhairstyler.com\/de\/wp-json\/wp\/v2\/media?parent=1848"}],"wp:term":[{"taxonomy":"product_brand","embeddable":true,"href":"https:\/\/beautyhairstyler.com\/de\/wp-json\/wp\/v2\/product_brand?post=1848"},{"taxonomy":"product_cat","embeddable":true,"href":"https:\/\/beautyhairstyler.com\/de\/wp-json\/wp\/v2\/product_cat?post=1848"},{"taxonomy":"product_tag","embeddable":true,"href":"https:\/\/beautyhairstyler.com\/de\/wp-json\/wp\/v2\/product_tag?post=1848"}],"curies":[{"name":"wp","href":"https:\/\/api.w.org\/{rel}","templated":true}]}}