{"id":2546,"date":"2025-04-17T04:05:33","date_gmt":"2025-04-17T04:05:33","guid":{"rendered":"https:\/\/beautyhairstyler.com\/?post_type=product&#038;p=2546"},"modified":"2025-07-15T10:31:12","modified_gmt":"2025-07-15T10:31:12","slug":"salon-hair-straightener-t202","status":"publish","type":"product","link":"https:\/\/beautyhairstyler.com\/es\/producto\/salon-hair-straightener-t202\/","title":{"rendered":"Plancha de pelo profesional de sal\u00f3n con placas anchas - T202"},"content":{"rendered":"<div data-elementor-type=\"product-post\" data-elementor-id=\"2546\" class=\"elementor elementor-2546\" data-elementor-post-type=\"product\">\n\t\t\t\t<div class=\"elementor-element elementor-element-3c519bf e-flex e-con-boxed e-con e-parent\" data-id=\"3c519bf\" data-element_type=\"container\" data-e-type=\"container\">\n\t\t\t\t\t<div class=\"e-con-inner\">\n\t\t<div class=\"elementor-element elementor-element-6843937 e-con-full e-flex e-con e-child\" data-id=\"6843937\" data-element_type=\"container\" data-e-type=\"container\">\n\t\t\t\t<div class=\"elementor-element elementor-element-555b38c elementor-widget elementor-widget-image\" data-id=\"555b38c\" data-element_type=\"widget\" data-e-type=\"widget\" data-widget_type=\"image.default\">\n\t\t\t\t<div class=\"elementor-widget-container\">\n\t\t\t\t\t\t\t\t\t\t\t\t\t\t\t<img fetchpriority=\"high\" decoding=\"async\" width=\"760\" height=\"500\" src=\"https:\/\/beautyhairstyler.com\/wp-content\/uploads\/2025\/04\/\u9ed8\u8ba4\u6807\u9898__2025-04-1712_02_59.jpg\" class=\"attachment-large size-large wp-image-2555\" alt=\"\" srcset=\"https:\/\/beautyhairstyler.com\/wp-content\/uploads\/2025\/04\/\u9ed8\u8ba4\u6807\u9898__2025-04-1712_02_59.jpg 760w, https:\/\/beautyhairstyler.com\/wp-content\/uploads\/2025\/04\/\u9ed8\u8ba4\u6807\u9898__2025-04-1712_02_59-300x197.jpg 300w, https:\/\/beautyhairstyler.com\/wp-content\/uploads\/2025\/04\/\u9ed8\u8ba4\u6807\u9898__2025-04-1712_02_59-18x12.jpg 18w, https:\/\/beautyhairstyler.com\/wp-content\/uploads\/2025\/04\/\u9ed8\u8ba4\u6807\u9898__2025-04-1712_02_59-600x395.jpg 600w\" sizes=\"(max-width: 760px) 100vw, 760px\" \/>\t\t\t\t\t\t\t\t\t\t\t\t\t\t\t<\/div>\n\t\t\t\t<\/div>\n\t\t\t\t<\/div>\n\t\t<div class=\"elementor-element elementor-element-432d627 e-con-full e-flex e-con e-child\" data-id=\"432d627\" data-element_type=\"container\" data-e-type=\"container\">\n\t\t\t\t<div class=\"elementor-element elementor-element-5ba5c28 elementor-widget elementor-widget-heading\" data-id=\"5ba5c28\" data-element_type=\"widget\" data-e-type=\"widget\" data-widget_type=\"heading.default\">\n\t\t\t\t<div class=\"elementor-widget-container\">\n\t\t\t\t\t<h5 class=\"elementor-heading-title elementor-size-default\"><b>instrucciones:<\/b><\/h5>\t\t\t\t<\/div>\n\t\t\t\t<\/div>\n\t\t\t\t<div class=\"elementor-element elementor-element-da77f4e elementor-widget elementor-widget-text-editor\" data-id=\"da77f4e\" data-element_type=\"widget\" data-e-type=\"widget\" data-widget_type=\"text-editor.default\">\n\t\t\t\t<div class=\"elementor-widget-container\">\n\t\t\t\t\t\t\t\t\t<p style=\"font-size: 16.875px; font-style: normal; font-weight: 300;\"><span style=\"font-weight: bold;\">1.<\/span>Encienda el dispositivo: despu\u00e9s de enchufarlo, mantenga pulsado el \"bot\u00f3n de encendido\" durante unos 3 segundos para encender el dispositivo.<\/p><p style=\"font-size: 16.875px; font-style: normal; font-weight: 300;\"><span style=\"font-weight: bold;\">2.<\/span>Ajuste de la temperatura: Pulse el bot\u00f3n de ajuste de temperatura para ajustar la temperatura<br \/><br \/>Cuando la temperatura sube\/baja, la pantalla mostrar\u00e1 el cambio de temperatura en tiempo real. Cuando se alcanza la temperatura programada, la pantalla permanece encendida.<\/p><p style=\"font-size: 16.875px; font-style: normal; font-weight: 300;\"><span style=\"font-weight: bold;\">3.<\/span>Apague el dispositivo: pulse el bot\u00f3n de encendido durante 3 segundos para apagarlo.<\/p><p style=\"font-size: 16.875px; font-style: normal; font-weight: 300;\"><span style=\"font-weight: bold;\">Nota:\u00a0<\/span>El aparato se apagar\u00e1 autom\u00e1ticamente tras 60 minutos de inactividad<\/p>\t\t\t\t\t\t\t\t<\/div>\n\t\t\t\t<\/div>\n\t\t\t\t<\/div>\n\t\t\t\t\t<\/div>\n\t\t\t\t<\/div>\n\t\t<div class=\"elementor-element elementor-element-a5f440b e-flex e-con-boxed e-con e-parent\" data-id=\"a5f440b\" data-element_type=\"container\" data-e-type=\"container\">\n\t\t\t\t\t<div class=\"e-con-inner\">\n\t\t\t\t<div class=\"elementor-element elementor-element-8f71824 elementor-widget elementor-widget-spacer\" data-id=\"8f71824\" data-element_type=\"widget\" data-e-type=\"widget\" data-widget_type=\"spacer.default\">\n\t\t\t\t<div class=\"elementor-widget-container\">\n\t\t\t\t\t\t\t<div class=\"elementor-spacer\">\n\t\t\t<div class=\"elementor-spacer-inner\"><\/div>\n\t\t<\/div>\n\t\t\t\t\t\t<\/div>\n\t\t\t\t<\/div>\n\t\t\t\t<div class=\"elementor-element elementor-element-0d202b4 elementor-widget elementor-widget-image\" data-id=\"0d202b4\" data-element_type=\"widget\" data-e-type=\"widget\" data-widget_type=\"image.default\">\n\t\t\t\t<div class=\"elementor-widget-container\">\n\t\t\t\t\t\t\t\t\t\t\t\t\t\t\t<img decoding=\"async\" width=\"1000\" height=\"2631\" src=\"https:\/\/beautyhairstyler.com\/wp-content\/uploads\/2025\/04\/\u957f\u56fe.png\" class=\"attachment-full size-full wp-image-2552\" alt=\"\" srcset=\"https:\/\/beautyhairstyler.com\/wp-content\/uploads\/2025\/04\/\u957f\u56fe.png 1000w, https:\/\/beautyhairstyler.com\/wp-content\/uploads\/2025\/04\/\u957f\u56fe-114x300.png 114w, https:\/\/beautyhairstyler.com\/wp-content\/uploads\/2025\/04\/\u957f\u56fe-389x1024.png 389w, https:\/\/beautyhairstyler.com\/wp-content\/uploads\/2025\/04\/\u957f\u56fe-768x2021.png 768w, https:\/\/beautyhairstyler.com\/wp-content\/uploads\/2025\/04\/\u957f\u56fe-584x1536.png 584w, https:\/\/beautyhairstyler.com\/wp-content\/uploads\/2025\/04\/\u957f\u56fe-778x2048.png 778w, https:\/\/beautyhairstyler.com\/wp-content\/uploads\/2025\/04\/\u957f\u56fe-5x12.png 5w, https:\/\/beautyhairstyler.com\/wp-content\/uploads\/2025\/04\/\u957f\u56fe-600x1579.png 600w\" sizes=\"(max-width: 1000px) 100vw, 1000px\" \/>\t\t\t\t\t\t\t\t\t\t\t\t\t\t\t<\/div>\n\t\t\t\t<\/div>\n\t\t\t\t\t<\/div>\n\t\t\t\t<\/div>\n\t\t<div class=\"elementor-element elementor-element-0ff1399 e-flex e-con-boxed e-con e-parent\" data-id=\"0ff1399\" data-element_type=\"container\" data-e-type=\"container\">\n\t\t\t\t\t<div class=\"e-con-inner\">\n\t\t\t\t<div class=\"elementor-element elementor-element-dde7fc0 elementor-widget elementor-widget-spacer\" data-id=\"dde7fc0\" data-element_type=\"widget\" data-e-type=\"widget\" data-widget_type=\"spacer.default\">\n\t\t\t\t<div class=\"elementor-widget-container\">\n\t\t\t\t\t\t\t<div class=\"elementor-spacer\">\n\t\t\t<div class=\"elementor-spacer-inner\"><\/div>\n\t\t<\/div>\n\t\t\t\t\t\t<\/div>\n\t\t\t\t<\/div>\n\t\t\t\t<div class=\"elementor-element elementor-element-b4b0c0a elementor-widget elementor-widget-heading\" data-id=\"b4b0c0a\" data-element_type=\"widget\" data-e-type=\"widget\" data-widget_type=\"heading.default\">\n\t\t\t\t<div class=\"elementor-widget-container\">\n\t\t\t\t\t<h4 class=\"elementor-heading-title elementor-size-default\"><b>M\u00e1s informaci\u00f3n sobre Shenzhen Topbeauty Technology Co.<\/b><\/h4>\t\t\t\t<\/div>\n\t\t\t\t<\/div>\n\t\t\t\t<div class=\"elementor-element elementor-element-f2cc951 elementor-widget elementor-widget-spacer\" data-id=\"f2cc951\" data-element_type=\"widget\" data-e-type=\"widget\" data-widget_type=\"spacer.default\">\n\t\t\t\t<div class=\"elementor-widget-container\">\n\t\t\t\t\t\t\t<div class=\"elementor-spacer\">\n\t\t\t<div class=\"elementor-spacer-inner\"><\/div>\n\t\t<\/div>\n\t\t\t\t\t\t<\/div>\n\t\t\t\t<\/div>\n\t\t\t\t<div class=\"elementor-element elementor-element-d67660f elementor-widget elementor-widget-text-editor\" data-id=\"d67660f\" data-element_type=\"widget\" data-e-type=\"widget\" data-widget_type=\"text-editor.default\">\n\t\t\t\t<div class=\"elementor-widget-container\">\n\t\t\t\t\t\t\t\t\t<p style=\"text-align: center;\">shenzhen topbeauty technology co., ltd. - \u00a1su socio de confianza en el campo de las herramientas de peinado del cabello que ofrece calidad e innovaci\u00f3n!<\/p>\t\t\t\t\t\t\t\t<\/div>\n\t\t\t\t<\/div>\n\t\t\t\t<div class=\"elementor-element elementor-element-b0cdcd7 elementor-widget elementor-widget-spacer\" data-id=\"b0cdcd7\" data-element_type=\"widget\" data-e-type=\"widget\" data-widget_type=\"spacer.default\">\n\t\t\t\t<div class=\"elementor-widget-container\">\n\t\t\t\t\t\t\t<div class=\"elementor-spacer\">\n\t\t\t<div class=\"elementor-spacer-inner\"><\/div>\n\t\t<\/div>\n\t\t\t\t\t\t<\/div>\n\t\t\t\t<\/div>\n\t\t\t\t\t<\/div>\n\t\t\t\t<\/div>\n\t\t<div class=\"elementor-element elementor-element-fa1bda1 e-flex e-con-boxed e-con e-parent\" data-id=\"fa1bda1\" data-element_type=\"container\" data-e-type=\"container\">\n\t\t\t\t\t<div class=\"e-con-inner\">\n\t\t\t\t<div class=\"elementor-element elementor-element-9589cf6 elementor-align-center elementor-widget elementor-widget-button\" data-id=\"9589cf6\" data-element_type=\"widget\" data-e-type=\"widget\" data-widget_type=\"button.default\">\n\t\t\t\t<div class=\"elementor-widget-container\">\n\t\t\t\t\t\t\t\t\t<div class=\"elementor-button-wrapper\">\n\t\t\t\t\t<a class=\"elementor-button elementor-button-link elementor-size-sm\" href=\"https:\/\/beautyhairstyler.com\/es\/about-us\/\">\n\t\t\t\t\t\t<span class=\"elementor-button-content-wrapper\">\n\t\t\t\t\t\t\t\t\t<span class=\"elementor-button-text\">Qui\u00e9nes somos<\/span>\n\t\t\t\t\t<\/span>\n\t\t\t\t\t<\/a>\n\t\t\t\t<\/div>\n\t\t\t\t\t\t\t\t<\/div>\n\t\t\t\t<\/div>\n\t\t\t\t<div class=\"elementor-element elementor-element-8bcd6b7 elementor-widget elementor-widget-spacer\" data-id=\"8bcd6b7\" data-element_type=\"widget\" data-e-type=\"widget\" data-widget_type=\"spacer.default\">\n\t\t\t\t<div class=\"elementor-widget-container\">\n\t\t\t\t\t\t\t<div class=\"elementor-spacer\">\n\t\t\t<div class=\"elementor-spacer-inner\"><\/div>\n\t\t<\/div>\n\t\t\t\t\t\t<\/div>\n\t\t\t\t<\/div>\n\t\t\t\t\t<\/div>\n\t\t\t\t<\/div>\n\t\t\t\t<\/div>","protected":false},"excerpt":{"rendered":"<p>&nbsp;<\/p>\n<hr \/>\n<p>&nbsp;<\/p>\n<p>- Placas vitrificadas de cer\u00e1mica para el cuidado del cabello<\/p>\n<p>- 3 millones de iones negativos que reducen eficazmente problemas como el cabello seco, el encrespamiento y las puntas abiertas<\/p>\n<p>- El panel flotante multidireccional reduce los da\u00f1os por fricci\u00f3n en el cabello<\/p>\n<p>- (160-230\u2103) 8 ajustes de calor precisos por NTC para cada tipo de cabello y textura (se puede personalizar hasta 260\u2103)<\/p>\n<p>- Pantalla digital LCD de temperatura, conveniente y oportuna para ajustar la temperatura<\/p>\n<p>- Protecci\u00f3n de apagado autom\u00e1tico durante 60 minutos<\/p>\n<p>- Bot\u00f3n de bloqueo para un almacenamiento seguro<\/p>\n<p>- Pru\u00e9bala una vez y te sorprender\u00e1n los incre\u00edbles resultados de rizado y alisado que ofrece esta plancha de pelo.<\/p>\n<p>&nbsp;<\/p>\n<p>&nbsp;<\/p>","protected":false},"featured_media":2551,"comment_status":"open","ping_status":"closed","template":"","meta":{"site-sidebar-layout":"no-sidebar","site-content-layout":"page-builder","ast-site-content-layout":"full-width-container","site-content-style":"default","site-sidebar-style":"default","ast-global-header-display":"","ast-banner-title-visibility":"","ast-main-header-display":"","ast-hfb-above-header-display":"","ast-hfb-below-header-display":"","ast-hfb-mobile-header-display":"","site-post-title":"disabled","ast-breadcrumbs-content":"","ast-featured-img":"disabled","footer-sml-layout":"","ast-disable-related-posts":"","theme-transparent-header-meta":"default","adv-header-id-meta":"","stick-header-meta":"","header-above-stick-meta":"","header-main-stick-meta":"","header-below-stick-meta":"","astra-migrate-meta-layouts":"set","ast-page-background-enabled":"default","ast-page-background-meta":{"desktop":{"background-color":"var(--ast-global-color-5)","background-image":"","background-repeat":"repeat","background-position":"center center","background-size":"auto","background-attachment":"scroll","background-type":"","background-media":"","overlay-type":"","overlay-color":"","overlay-opacity":"","overlay-gradient":""},"tablet":{"background-color":"","background-image":"","background-repeat":"repeat","background-position":"center center","background-size":"auto","background-attachment":"scroll","background-type":"","background-media":"","overlay-type":"","overlay-color":"","overlay-opacity":"","overlay-gradient":""},"mobile":{"background-color":"","background-image":"","background-repeat":"repeat","background-position":"center center","background-size":"auto","background-attachment":"scroll","background-type":"","background-media":"","overlay-type":"","overlay-color":"","overlay-opacity":"","overlay-gradient":""}},"ast-content-background-meta":{"desktop":{"background-color":"var(--ast-global-color-4)","background-image":"","background-repeat":"repeat","background-position":"center center","background-size":"auto","background-attachment":"scroll","background-type":"","background-media":"","overlay-type":"","overlay-color":"","overlay-opacity":"","overlay-gradient":""},"tablet":{"background-color":"var(--ast-global-color-4)","background-image":"","background-repeat":"repeat","background-position":"center center","background-size":"auto","background-attachment":"scroll","background-type":"","background-media":"","overlay-type":"","overlay-color":"","overlay-opacity":"","overlay-gradient":""},"mobile":{"background-color":"var(--ast-global-color-4)","background-image":"","background-repeat":"repeat","background-position":"center center","background-size":"auto","background-attachment":"scroll","background-type":"","background-media":"","overlay-type":"","overlay-color":"","overlay-opacity":"","overlay-gradient":""}}},"product_brand":[],"product_cat":[25],"product_tag":[],"class_list":{"0":"post-2546","1":"product","2":"type-product","3":"status-publish","4":"has-post-thumbnail","6":"product_cat-straightener","7":"desktop-align-left","8":"tablet-align-left","9":"mobile-align-left","10":"ast-product-gallery-layout-vertical-slider","11":"ast-product-tabs-layout-distributed","13":"first","14":"instock","15":"shipping-taxable","16":"product-type-simple"},"yoast_head":"<!-- This site is optimized with the Yoast SEO plugin v25.2 - https:\/\/yoast.com\/wordpress\/plugins\/seo\/ -->\n<title>Salon Professional Wide Plate Hair Straightener - T202 - Shenzhen Topbeauty Technology Co., Ltd.<\/title>\n<meta name=\"description\" content=\"Wide Plate hair straightener for more efficient hair styling, suitable for Salon and Home use, 230\u2103 instant heat up in 30 seconds\" \/>\n<meta name=\"robots\" content=\"index, follow, max-snippet:-1, max-image-preview:large, max-video-preview:-1\" \/>\n<link rel=\"canonical\" href=\"https:\/\/beautyhairstyler.com\/es\/producto\/salon-hair-straightener-t202\/\" \/>\n<meta property=\"og:locale\" content=\"es_ES\" \/>\n<meta property=\"og:type\" content=\"article\" \/>\n<meta property=\"og:title\" content=\"Salon Professional Wide Plate Hair Straightener - T202 - Shenzhen Topbeauty Technology Co., Ltd.\" \/>\n<meta property=\"og:description\" content=\"Wide Plate hair straightener for more efficient hair styling, suitable for Salon and Home use, 230\u2103 instant heat up in 30 seconds\" \/>\n<meta property=\"og:url\" content=\"https:\/\/beautyhairstyler.com\/es\/producto\/salon-hair-straightener-t202\/\" \/>\n<meta property=\"og:site_name\" content=\"Shenzhen Topbeauty Technology Co., Ltd.\" \/>\n<meta property=\"article:modified_time\" content=\"2025-07-15T10:31:12+00:00\" \/>\n<meta property=\"og:image\" content=\"https:\/\/beautyhairstyler.com\/wp-content\/uploads\/2025\/04\/\u6b63\u9762.png\" \/>\n\t<meta property=\"og:image:width\" content=\"1000\" \/>\n\t<meta property=\"og:image:height\" content=\"1000\" \/>\n\t<meta property=\"og:image:type\" content=\"image\/png\" \/>\n<meta name=\"twitter:card\" content=\"summary_large_image\" \/>\n<meta name=\"twitter:label1\" content=\"Tiempo de lectura\" \/>\n\t<meta name=\"twitter:data1\" content=\"2 minutos\" \/>\n<script type=\"application\/ld+json\" class=\"yoast-schema-graph\">{\"@context\":\"https:\/\/schema.org\",\"@graph\":[{\"@type\":\"WebPage\",\"@id\":\"https:\/\/beautyhairstyler.com\/product\/salon-hair-straightener-t202\/\",\"url\":\"https:\/\/beautyhairstyler.com\/product\/salon-hair-straightener-t202\/\",\"name\":\"Salon Professional Wide Plate Hair Straightener - T202 - Shenzhen Topbeauty Technology Co., Ltd.\",\"isPartOf\":{\"@id\":\"https:\/\/beautyhairstyler.com\/ko\/#website\"},\"primaryImageOfPage\":{\"@id\":\"https:\/\/beautyhairstyler.com\/product\/salon-hair-straightener-t202\/#primaryimage\"},\"image\":{\"@id\":\"https:\/\/beautyhairstyler.com\/product\/salon-hair-straightener-t202\/#primaryimage\"},\"thumbnailUrl\":\"https:\/\/beautyhairstyler.com\/wp-content\/uploads\/2025\/04\/\u6b63\u9762.png\",\"datePublished\":\"2025-04-17T04:05:33+00:00\",\"dateModified\":\"2025-07-15T10:31:12+00:00\",\"description\":\"Wide Plate hair straightener for more efficient hair styling, suitable for Salon and Home use, 230\u2103 instant heat up in 30 seconds\",\"breadcrumb\":{\"@id\":\"https:\/\/beautyhairstyler.com\/product\/salon-hair-straightener-t202\/#breadcrumb\"},\"inLanguage\":\"es\",\"potentialAction\":[{\"@type\":\"ReadAction\",\"target\":[\"https:\/\/beautyhairstyler.com\/product\/salon-hair-straightener-t202\/\"]}]},{\"@type\":\"ImageObject\",\"inLanguage\":\"es\",\"@id\":\"https:\/\/beautyhairstyler.com\/product\/salon-hair-straightener-t202\/#primaryimage\",\"url\":\"https:\/\/beautyhairstyler.com\/wp-content\/uploads\/2025\/04\/\u6b63\u9762.png\",\"contentUrl\":\"https:\/\/beautyhairstyler.com\/wp-content\/uploads\/2025\/04\/\u6b63\u9762.png\",\"width\":1000,\"height\":1000,\"caption\":\"salon hair straightener\"},{\"@type\":\"BreadcrumbList\",\"@id\":\"https:\/\/beautyhairstyler.com\/product\/salon-hair-straightener-t202\/#breadcrumb\",\"itemListElement\":[{\"@type\":\"ListItem\",\"position\":1,\"name\":\"\u9996\u9875\",\"item\":\"https:\/\/beautyhairstyler.com\/\"},{\"@type\":\"ListItem\",\"position\":2,\"name\":\"Products\",\"item\":\"https:\/\/beautyhairstyler.com\/products\/\"},{\"@type\":\"ListItem\",\"position\":3,\"name\":\"Salon Professional Wide Plate Hair Straightener &#8211; T202\"}]},{\"@type\":\"WebSite\",\"@id\":\"https:\/\/beautyhairstyler.com\/ko\/#website\",\"url\":\"https:\/\/beautyhairstyler.com\/ko\/\",\"name\":\"Shenzhen Topbeauty Technology Co., Ltd.\",\"description\":\"hair straightening brush | hair curler | hair straightener\",\"publisher\":{\"@id\":\"https:\/\/beautyhairstyler.com\/ko\/#organization\"},\"potentialAction\":[{\"@type\":\"SearchAction\",\"target\":{\"@type\":\"EntryPoint\",\"urlTemplate\":\"https:\/\/beautyhairstyler.com\/ko\/?s={search_term_string}\"},\"query-input\":{\"@type\":\"PropertyValueSpecification\",\"valueRequired\":true,\"valueName\":\"search_term_string\"}}],\"inLanguage\":\"es\"},{\"@type\":\"Organization\",\"@id\":\"https:\/\/beautyhairstyler.com\/ko\/#organization\",\"name\":\"Shenzhen Topbeauty Technology Co., Ltd.\",\"url\":\"https:\/\/beautyhairstyler.com\/ko\/\",\"logo\":{\"@type\":\"ImageObject\",\"inLanguage\":\"es\",\"@id\":\"https:\/\/beautyhairstyler.com\/ko\/#\/schema\/logo\/image\/\",\"url\":\"https:\/\/beautyhairstyler.com\/wp-content\/uploads\/2024\/11\/cropped-\u5fae\u4fe1\u56fe\u7247_20241105102807.png\",\"contentUrl\":\"https:\/\/beautyhairstyler.com\/wp-content\/uploads\/2024\/11\/cropped-\u5fae\u4fe1\u56fe\u7247_20241105102807.png\",\"width\":2323,\"height\":776,\"caption\":\"Shenzhen Topbeauty Technology Co., Ltd.\"},\"image\":{\"@id\":\"https:\/\/beautyhairstyler.com\/ko\/#\/schema\/logo\/image\/\"}}]}<\/script>\n<!-- \/ Yoast SEO plugin. -->","yoast_head_json":{"title":"Salon Professional Wide Plate Hair Straightener - T202 - Shenzhen Topbeauty Technology Co., Ltd.","description":"Wide Plate hair straightener for more efficient hair styling, suitable for Salon and Home use, 230\u2103 instant heat up in 30 seconds","robots":{"index":"index","follow":"follow","max-snippet":"max-snippet:-1","max-image-preview":"max-image-preview:large","max-video-preview":"max-video-preview:-1"},"canonical":"https:\/\/beautyhairstyler.com\/es\/producto\/salon-hair-straightener-t202\/","og_locale":"es_ES","og_type":"article","og_title":"Salon Professional Wide Plate Hair Straightener - T202 - Shenzhen Topbeauty Technology Co., Ltd.","og_description":"Wide Plate hair straightener for more efficient hair styling, suitable for Salon and Home use, 230\u2103 instant heat up in 30 seconds","og_url":"https:\/\/beautyhairstyler.com\/es\/producto\/salon-hair-straightener-t202\/","og_site_name":"Shenzhen Topbeauty Technology Co., Ltd.","article_modified_time":"2025-07-15T10:31:12+00:00","og_image":[{"width":1000,"height":1000,"url":"https:\/\/beautyhairstyler.com\/wp-content\/uploads\/2025\/04\/\u6b63\u9762.png","type":"image\/png"}],"twitter_card":"summary_large_image","twitter_misc":{"Tiempo de lectura":"2 minutos"},"schema":{"@context":"https:\/\/schema.org","@graph":[{"@type":"WebPage","@id":"https:\/\/beautyhairstyler.com\/product\/salon-hair-straightener-t202\/","url":"https:\/\/beautyhairstyler.com\/product\/salon-hair-straightener-t202\/","name":"Salon Professional Wide Plate Hair Straightener - T202 - Shenzhen Topbeauty Technology Co., Ltd.","isPartOf":{"@id":"https:\/\/beautyhairstyler.com\/ko\/#website"},"primaryImageOfPage":{"@id":"https:\/\/beautyhairstyler.com\/product\/salon-hair-straightener-t202\/#primaryimage"},"image":{"@id":"https:\/\/beautyhairstyler.com\/product\/salon-hair-straightener-t202\/#primaryimage"},"thumbnailUrl":"https:\/\/beautyhairstyler.com\/wp-content\/uploads\/2025\/04\/\u6b63\u9762.png","datePublished":"2025-04-17T04:05:33+00:00","dateModified":"2025-07-15T10:31:12+00:00","description":"Wide Plate hair straightener for more efficient hair styling, suitable for Salon and Home use, 230\u2103 instant heat up in 30 seconds","breadcrumb":{"@id":"https:\/\/beautyhairstyler.com\/product\/salon-hair-straightener-t202\/#breadcrumb"},"inLanguage":"es","potentialAction":[{"@type":"ReadAction","target":["https:\/\/beautyhairstyler.com\/product\/salon-hair-straightener-t202\/"]}]},{"@type":"ImageObject","inLanguage":"es","@id":"https:\/\/beautyhairstyler.com\/product\/salon-hair-straightener-t202\/#primaryimage","url":"https:\/\/beautyhairstyler.com\/wp-content\/uploads\/2025\/04\/\u6b63\u9762.png","contentUrl":"https:\/\/beautyhairstyler.com\/wp-content\/uploads\/2025\/04\/\u6b63\u9762.png","width":1000,"height":1000,"caption":"salon hair straightener"},{"@type":"BreadcrumbList","@id":"https:\/\/beautyhairstyler.com\/product\/salon-hair-straightener-t202\/#breadcrumb","itemListElement":[{"@type":"ListItem","position":1,"name":"\u9996\u9875","item":"https:\/\/beautyhairstyler.com\/"},{"@type":"ListItem","position":2,"name":"Products","item":"https:\/\/beautyhairstyler.com\/products\/"},{"@type":"ListItem","position":3,"name":"Salon Professional Wide Plate Hair Straightener &#8211; T202"}]},{"@type":"WebSite","@id":"https:\/\/beautyhairstyler.com\/ko\/#website","url":"https:\/\/beautyhairstyler.com\/ko\/","name":"Shenzhen Topbeauty Technology Co., Ltd.","description":"hair straightening brush | hair curler | hair straightener","publisher":{"@id":"https:\/\/beautyhairstyler.com\/ko\/#organization"},"potentialAction":[{"@type":"SearchAction","target":{"@type":"EntryPoint","urlTemplate":"https:\/\/beautyhairstyler.com\/ko\/?s={search_term_string}"},"query-input":{"@type":"PropertyValueSpecification","valueRequired":true,"valueName":"search_term_string"}}],"inLanguage":"es"},{"@type":"Organization","@id":"https:\/\/beautyhairstyler.com\/ko\/#organization","name":"Shenzhen Topbeauty Technology Co., Ltd.","url":"https:\/\/beautyhairstyler.com\/ko\/","logo":{"@type":"ImageObject","inLanguage":"es","@id":"https:\/\/beautyhairstyler.com\/ko\/#\/schema\/logo\/image\/","url":"https:\/\/beautyhairstyler.com\/wp-content\/uploads\/2024\/11\/cropped-\u5fae\u4fe1\u56fe\u7247_20241105102807.png","contentUrl":"https:\/\/beautyhairstyler.com\/wp-content\/uploads\/2024\/11\/cropped-\u5fae\u4fe1\u56fe\u7247_20241105102807.png","width":2323,"height":776,"caption":"Shenzhen Topbeauty Technology Co., Ltd."},"image":{"@id":"https:\/\/beautyhairstyler.com\/ko\/#\/schema\/logo\/image\/"}}]}},"_links":{"self":[{"href":"https:\/\/beautyhairstyler.com\/es\/wp-json\/wp\/v2\/product\/2546","targetHints":{"allow":["GET"]}}],"collection":[{"href":"https:\/\/beautyhairstyler.com\/es\/wp-json\/wp\/v2\/product"}],"about":[{"href":"https:\/\/beautyhairstyler.com\/es\/wp-json\/wp\/v2\/types\/product"}],"replies":[{"embeddable":true,"href":"https:\/\/beautyhairstyler.com\/es\/wp-json\/wp\/v2\/comments?post=2546"}],"version-history":[{"count":5,"href":"https:\/\/beautyhairstyler.com\/es\/wp-json\/wp\/v2\/product\/2546\/revisions"}],"predecessor-version":[{"id":2559,"href":"https:\/\/beautyhairstyler.com\/es\/wp-json\/wp\/v2\/product\/2546\/revisions\/2559"}],"wp:featuredmedia":[{"embeddable":true,"href":"https:\/\/beautyhairstyler.com\/es\/wp-json\/wp\/v2\/media\/2551"}],"wp:attachment":[{"href":"https:\/\/beautyhairstyler.com\/es\/wp-json\/wp\/v2\/media?parent=2546"}],"wp:term":[{"taxonomy":"product_brand","embeddable":true,"href":"https:\/\/beautyhairstyler.com\/es\/wp-json\/wp\/v2\/product_brand?post=2546"},{"taxonomy":"product_cat","embeddable":true,"href":"https:\/\/beautyhairstyler.com\/es\/wp-json\/wp\/v2\/product_cat?post=2546"},{"taxonomy":"product_tag","embeddable":true,"href":"https:\/\/beautyhairstyler.com\/es\/wp-json\/wp\/v2\/product_tag?post=2546"}],"curies":[{"name":"wp","href":"https:\/\/api.w.org\/{rel}","templated":true}]}}